{"id":111873,"date":"2022-12-12T11:03:41","date_gmt":"2022-12-12T14:03:41","guid":{"rendered":"https:\/\/metapoliticaconsultoria.com.br\/case-asociacion-de-servidores-relacionados-a-la-fiscalizacion-de-tributos"},"modified":"2024-05-21T17:20:33","modified_gmt":"2024-05-21T20:20:33","slug":"case-asociacion-de-servidores-relacionados-a-la-fiscalizacion-de-tributos","status":"publish","type":"page","link":"https:\/\/metapolitica.com.br\/es\/case-asociacion-de-servidores-relacionados-a-la-fiscalizacion-de-tributos\/","title":{"rendered":"Case Asociaci\u00f3n de Servidores Relacionados a la Fiscalizaci\u00f3n de Tributos"},"content":{"rendered":"<div class=\"wpb-content-wrapper\"><p>[vc_row unlock_row_content=\u00bbyes\u00bb row_height_percent=\u00bb100&#8243; override_padding=\u00bbyes\u00bb h_padding=\u00bb0&#8243; top_padding=\u00bb0&#8243; bottom_padding=\u00bb0&#8243; back_color=\u00bbcolor-xsdn\u00bb overlay_alpha=\u00bb50&#8243; equal_height=\u00bbyes\u00bb gutter_size=\u00bb0&#8243; column_width_percent=\u00bb100&#8243; shift_y=\u00bb0&#8243; z_index=\u00bb0&#8243; uncode_shortcode_id=\u00bb515214&#8243; back_color_type=\u00bbuncode-palette\u00bb][vc_column column_width_percent=\u00bb100&#8243; position_horizontal=\u00bbright\u00bb position_vertical=\u00bbbottom\u00bb align_horizontal=\u00bbalign_right\u00bb gutter_size=\u00bb3&#8243; style=\u00bbdark\u00bb back_image=\u00bb110590&#8243; overlay_alpha=\u00bb50&#8243; shift_x=\u00bb0&#8243; shift_y=\u00bb0&#8243; shift_y_down=\u00bb0&#8243; z_index=\u00bb0&#8243; medium_width=\u00bb0&#8243; mobile_width=\u00bb0&#8243; width=\u00bb1\/2&#8243; uncode_shortcode_id=\u00bb130197&#8243; mobile_height=\u00bb400&#8243;][vc_row_inner row_inner_height_percent=\u00bb0&#8243; overlay_alpha=\u00bb50&#8243; gutter_size=\u00bb3&#8243; shift_y=\u00bb0&#8243; z_index=\u00bb0&#8243; mobile_visibility=\u00bbyes\u00bb uncode_shortcode_id=\u00bb196028&#8243;][vc_column_inner column_width_percent=\u00bb100&#8243; position_horizontal=\u00bbright\u00bb position_vertical=\u00bbbottom\u00bb align_horizontal=\u00bbalign_right\u00bb gutter_size=\u00bb3&#8243; override_padding=\u00bbyes\u00bb column_padding=\u00bb3&#8243; overlay_alpha=\u00bb50&#8243; shift_x=\u00bb0&#8243; shift_y=\u00bb0&#8243; shift_y_down=\u00bb0&#8243; z_index=\u00bb0&#8243; medium_width=\u00bb0&#8243; mobile_width=\u00bb0&#8243; width=\u00bb1\/1&#8243; uncode_shortcode_id=\u00bb152526&#8243;][vc_single_image media=\u00bb110849&#8243; media_width_use_pixel=\u00bbyes\u00bb alignment=\u00bbright\u00bb css_animation=\u00bbalpha-anim\u00bb animation_speed=\u00bb1000&#8243; animation_delay=\u00bb200&#8243; rotating=\u00bbalways\u00bb uncode_shortcode_id=\u00bb159301&#8243; media_width_pixel=\u00bb150&#8243;][\/vc_column_inner][\/vc_row_inner][\/vc_column][vc_column column_width_use_pixel=\u00bbyes\u00bb position_vertical=\u00bbmiddle\u00bb gutter_size=\u00bb3&#8243; style=\u00bblight\u00bb font_family=\u00bbfont-136269&#8243; back_color=\u00bbcolor-xsdn\u00bb back_image=\u00bb110832&#8243; overlay_color=\u00bbcolor-xsdn\u00bb overlay_alpha=\u00bb50&#8243; shift_x=\u00bb0&#8243; shift_y=\u00bb0&#8243; shift_y_down=\u00bb0&#8243; z_index=\u00bb0&#8243; medium_width=\u00bb0&#8243; mobile_width=\u00bb0&#8243; width=\u00bb1\/2&#8243; uncode_shortcode_id=\u00bb856726&#8243; column_width_pixel=\u00bb550&#8243; back_color_type=\u00bbuncode-palette\u00bb overlay_color_type=\u00bbuncode-palette\u00bb][vc_empty_space empty_h=\u00bb2&#8243; desktop_visibility=\u00bbyes\u00bb medium_visibility=\u00bbyes\u00bb][vc_row_inner][vc_column_inner column_width_percent=\u00bb100&#8243; position_horizontal=\u00bbright\u00bb align_horizontal=\u00bbalign_right\u00bb gutter_size=\u00bb3&#8243; overlay_alpha=\u00bb50&#8243; shift_x=\u00bb0&#8243; shift_y=\u00bb0&#8243; shift_y_down=\u00bb0&#8243; z_index=\u00bb0&#8243; medium_width=\u00bb0&#8243; mobile_width=\u00bb0&#8243; width=\u00bb1\/1&#8243; uncode_shortcode_id=\u00bb126722&#8243;][vc_icon position=\u00bbright\u00bb space_reduced=\u00bbyes\u00bb icon=\u00bbfa fa-close\u00bb background_style=\u00bbfa-rounded\u00bb text_font=\u00bbfont-136269&#8243; text_size=\u00bbh5&#8243; text_weight=\u00bb400&#8243; text_space=\u00bbfontspace-781688&#8243; uncode_shortcode_id=\u00bb639268&#8243; link=\u00bburl:javascript%3Ahistory.back%28%29|\u00bb title=\u00bbCerrar\u00bb][\/vc_icon][\/vc_column_inner][\/vc_row_inner][vc_row_inner][vc_column_inner column_width_percent=\u00bb100&#8243; gutter_size=\u00bb2&#8243; overlay_alpha=\u00bb50&#8243; shift_x=\u00bb0&#8243; shift_y=\u00bb0&#8243; shift_y_down=\u00bb0&#8243; z_index=\u00bb0&#8243; medium_width=\u00bb0&#8243; mobile_width=\u00bb0&#8243; width=\u00bb1\/1&#8243; uncode_shortcode_id=\u00bb210556&#8243;][vc_custom_heading heading_semantic=\u00bbh3&#8243; text_font=\u00bbfont-189054&#8243; text_size=\u00bbfontsize-155944&#8243; text_weight=\u00bb600&#8243; text_space=\u00bbfontspace-781688&#8243; uncode_shortcode_id=\u00bb107236&#8243;]Case Asociaci\u00f3n de Servidores Relacionados a la Fiscalizaci\u00f3n de Tributos [\/vc_custom_heading][vc_column_text text_color=\u00bbcolor-wvjs\u00bb uncode_shortcode_id=\u00bb174505&#8243; text_color_type=\u00bbuncode-palette\u00bb]Garantizar prerrogativas funcionales de la categor\u00eda en la Reforma Tributaria de la C\u00e1mara.<\/p>\n<p>&nbsp;<\/p>\n<p><strong>Desaf\u00edo<\/strong><\/p>\n<p>Conducir la actuaci\u00f3n de la direcci\u00f3n ante los diputados de la Comisi\u00f3n Especial.<\/p>\n<p><strong>Acci\u00f3n<br \/>\n<\/strong>Mapeo y encuentros con actores llave de la materia para presentaci\u00f3n y debate de puntos importantes.<\/p>\n<p><strong>Resultado<\/strong><\/p>\n<p>Total de diez enmiendas al proyecto en tiempo r\u00e9cord (considerando los plazos exiguos de la Comisi\u00f3n).[\/vc_column_text][\/vc_column_inner][\/vc_row_inner][vc_empty_space empty_h=\u00bb2&#8243; desktop_visibility=\u00bbyes\u00bb medium_visibility=\u00bbyes\u00bb][\/vc_column][\/vc_row]<\/p>\n<\/div>","protected":false},"excerpt":{"rendered":"<p>[vc_row unlock_row_content=\u00bbyes\u00bb row_height_percent=\u00bb100&#8243; override_padding=\u00bbyes\u00bb h_padding=\u00bb0&#8243; top_padding=\u00bb0&#8243; bottom_padding=\u00bb0&#8243; back_color=\u00bbcolor-xsdn\u00bb overlay_alpha=\u00bb50&#8243; equal_height=\u00bbyes\u00bb gutter_size=\u00bb0&#8243; column_width_percent=\u00bb100&#8243; shift_y=\u00bb0&#8243; z_index=\u00bb0&#8243; uncode_shortcode_id=\u00bb515214&#8243; back_color_type=\u00bbuncode-palette\u00bb][vc_column column_width_percent=\u00bb100&#8243; position_horizontal=\u00bbright\u00bb position_vertical=\u00bbbottom\u00bb align_horizontal=\u00bbalign_right\u00bb [&hellip;]<\/p>\n","protected":false},"author":7,"featured_media":0,"parent":0,"menu_order":0,"comment_status":"closed","ping_status":"closed","template":"","meta":{"footnotes":""},"class_list":["post-111873","page","type-page","status-publish","hentry"],"_links":{"self":[{"href":"https:\/\/metapolitica.com.br\/es\/wp-json\/wp\/v2\/pages\/111873","targetHints":{"allow":["GET"]}}],"collection":[{"href":"https:\/\/metapolitica.com.br\/es\/wp-json\/wp\/v2\/pages"}],"about":[{"href":"https:\/\/metapolitica.com.br\/es\/wp-json\/wp\/v2\/types\/page"}],"author":[{"embeddable":true,"href":"https:\/\/metapolitica.com.br\/es\/wp-json\/wp\/v2\/users\/7"}],"replies":[{"embeddable":true,"href":"https:\/\/metapolitica.com.br\/es\/wp-json\/wp\/v2\/comments?post=111873"}],"version-history":[{"count":2,"href":"https:\/\/metapolitica.com.br\/es\/wp-json\/wp\/v2\/pages\/111873\/revisions"}],"predecessor-version":[{"id":111875,"href":"https:\/\/metapolitica.com.br\/es\/wp-json\/wp\/v2\/pages\/111873\/revisions\/111875"}],"wp:attachment":[{"href":"https:\/\/metapolitica.com.br\/es\/wp-json\/wp\/v2\/media?parent=111873"}],"curies":[{"name":"wp","href":"https:\/\/api.w.org\/{rel}","templated":true}]}}