{"id":111885,"date":"2022-12-11T13:54:38","date_gmt":"2022-12-11T16:54:38","guid":{"rendered":"https:\/\/metapoliticaconsultoria.com.br\/case-institucion-financiera"},"modified":"2024-05-21T17:21:07","modified_gmt":"2024-05-21T20:21:07","slug":"case-institucion-financiera","status":"publish","type":"page","link":"https:\/\/metapolitica.com.br\/es\/case-institucion-financiera\/","title":{"rendered":"Case Instituci\u00f3n Financiera"},"content":{"rendered":"<div class=\"wpb-content-wrapper\"><p>[vc_row unlock_row_content=\u00bbyes\u00bb row_height_percent=\u00bb100&#8243; override_padding=\u00bbyes\u00bb h_padding=\u00bb0&#8243; top_padding=\u00bb0&#8243; bottom_padding=\u00bb0&#8243; back_color=\u00bbcolor-xsdn\u00bb overlay_alpha=\u00bb50&#8243; equal_height=\u00bbyes\u00bb gutter_size=\u00bb0&#8243; column_width_percent=\u00bb100&#8243; shift_y=\u00bb0&#8243; z_index=\u00bb0&#8243; uncode_shortcode_id=\u00bb515214&#8243; back_color_type=\u00bbuncode-palette\u00bb][vc_column column_width_percent=\u00bb100&#8243; position_horizontal=\u00bbright\u00bb position_vertical=\u00bbbottom\u00bb align_horizontal=\u00bbalign_right\u00bb gutter_size=\u00bb3&#8243; style=\u00bbdark\u00bb back_image=\u00bb110595&#8243; overlay_alpha=\u00bb50&#8243; shift_x=\u00bb0&#8243; shift_y=\u00bb0&#8243; shift_y_down=\u00bb0&#8243; z_index=\u00bb0&#8243; medium_width=\u00bb0&#8243; mobile_width=\u00bb0&#8243; width=\u00bb1\/2&#8243; uncode_shortcode_id=\u00bb174067&#8243; mobile_height=\u00bb400&#8243;][vc_row_inner row_inner_height_percent=\u00bb0&#8243; overlay_alpha=\u00bb50&#8243; gutter_size=\u00bb3&#8243; shift_y=\u00bb0&#8243; z_index=\u00bb0&#8243; mobile_visibility=\u00bbyes\u00bb uncode_shortcode_id=\u00bb196028&#8243; shape_dividers=\u00bb\u00bb][vc_column_inner column_width_percent=\u00bb100&#8243; position_horizontal=\u00bbright\u00bb position_vertical=\u00bbbottom\u00bb align_horizontal=\u00bbalign_right\u00bb gutter_size=\u00bb3&#8243; override_padding=\u00bbyes\u00bb column_padding=\u00bb3&#8243; overlay_alpha=\u00bb50&#8243; shift_x=\u00bb0&#8243; shift_y=\u00bb0&#8243; shift_y_down=\u00bb0&#8243; z_index=\u00bb0&#8243; medium_width=\u00bb0&#8243; mobile_width=\u00bb0&#8243; width=\u00bb1\/1&#8243; uncode_shortcode_id=\u00bb152526&#8243;][vc_single_image media=\u00bb110849&#8243; media_width_use_pixel=\u00bbyes\u00bb alignment=\u00bbright\u00bb css_animation=\u00bbalpha-anim\u00bb animation_speed=\u00bb1000&#8243; animation_delay=\u00bb200&#8243; rotating=\u00bbalways\u00bb uncode_shortcode_id=\u00bb822269&#8243; media_width_pixel=\u00bb150&#8243;][\/vc_column_inner][\/vc_row_inner][\/vc_column][vc_column column_width_use_pixel=\u00bbyes\u00bb position_vertical=\u00bbmiddle\u00bb gutter_size=\u00bb3&#8243; style=\u00bblight\u00bb font_family=\u00bbfont-136269&#8243; back_color=\u00bbcolor-xsdn\u00bb back_image=\u00bb110832&#8243; overlay_color=\u00bbcolor-xsdn\u00bb overlay_alpha=\u00bb50&#8243; shift_x=\u00bb0&#8243; shift_y=\u00bb0&#8243; shift_y_down=\u00bb0&#8243; z_index=\u00bb0&#8243; medium_width=\u00bb0&#8243; mobile_width=\u00bb0&#8243; width=\u00bb1\/2&#8243; uncode_shortcode_id=\u00bb580612&#8243; column_width_pixel=\u00bb500&#8243; back_color_type=\u00bbuncode-palette\u00bb overlay_color_type=\u00bbuncode-palette\u00bb][vc_empty_space empty_h=\u00bb2&#8243; desktop_visibility=\u00bbyes\u00bb medium_visibility=\u00bbyes\u00bb][vc_row_inner][vc_column_inner column_width_percent=\u00bb100&#8243; position_horizontal=\u00bbright\u00bb align_horizontal=\u00bbalign_right\u00bb gutter_size=\u00bb3&#8243; overlay_alpha=\u00bb50&#8243; shift_x=\u00bb0&#8243; shift_y=\u00bb0&#8243; shift_y_down=\u00bb0&#8243; z_index=\u00bb0&#8243; medium_width=\u00bb0&#8243; mobile_width=\u00bb0&#8243; width=\u00bb1\/1&#8243; uncode_shortcode_id=\u00bb126722&#8243;][vc_icon position=\u00bbright\u00bb space_reduced=\u00bbyes\u00bb icon=\u00bbfa fa-close\u00bb background_style=\u00bbfa-rounded\u00bb text_font=\u00bbfont-136269&#8243; text_size=\u00bbh5&#8243; text_weight=\u00bb400&#8243; text_space=\u00bbfontspace-781688&#8243; uncode_shortcode_id=\u00bb639268&#8243; link=\u00bburl:javascript%3Ahistory.back%28%29|\u00bb title=\u00bbCerrar\u00bb][\/vc_icon][\/vc_column_inner][\/vc_row_inner][vc_row_inner][vc_column_inner column_width_percent=\u00bb100&#8243; gutter_size=\u00bb2&#8243; overlay_alpha=\u00bb50&#8243; shift_x=\u00bb0&#8243; shift_y=\u00bb0&#8243; shift_y_down=\u00bb0&#8243; z_index=\u00bb0&#8243; medium_width=\u00bb0&#8243; mobile_width=\u00bb0&#8243; width=\u00bb1\/1&#8243; uncode_shortcode_id=\u00bb210556&#8243;][vc_custom_heading heading_semantic=\u00bbh3&#8243; text_font=\u00bbfont-189054&#8243; text_size=\u00bbfontsize-155944&#8243; text_weight=\u00bb600&#8243; text_space=\u00bbfontspace-781688&#8243; uncode_shortcode_id=\u00bb156430&#8243;]Case Instituci\u00f3n Financiera[\/vc_custom_heading][vc_column_text text_color=\u00bbcolor-wvjs\u00bb uncode_shortcode_id=\u00bb182530&#8243; text_color_type=\u00bbuncode-palette\u00bb]Una instituci\u00f3n financiera tem\u00eda las consecuencias e impactos de las reglas de la Nueva Previsi\u00f3n en su cartera de cr\u00e9dito consignado.<\/p>\n<p>&nbsp;<\/p>\n<p><strong>Desaf\u00edo<\/strong><\/p>\n<p>Posibles impactos de la Nueva Previsi\u00f3n en la cartera de Cr\u00e9dito Consignado.<\/p>\n<p><strong>Acci\u00f3n<br \/>\n<\/strong>Realizamos un estudio cr\u00edtico y detallado de los puntos sensibles de la materia y, basados en esto, orientamos un conjunto de protocolos a ser adoptados por la instituci\u00f3n.<\/p>\n<p><strong>Resultado<\/strong><\/p>\n<p>Alcanzamos por medio de esa estrategia la reducci\u00f3n de los riesgos y, as\u00ed, la instituci\u00f3n financiera conquist\u00f3 mayor seguridad en su operaci\u00f3n.[\/vc_column_text][\/vc_column_inner][\/vc_row_inner][vc_empty_space empty_h=\u00bb2&#8243; desktop_visibility=\u00bbyes\u00bb medium_visibility=\u00bbyes\u00bb][\/vc_column][\/vc_row]<\/p>\n<\/div>","protected":false},"excerpt":{"rendered":"<p>[vc_row unlock_row_content=\u00bbyes\u00bb row_height_percent=\u00bb100&#8243; override_padding=\u00bbyes\u00bb h_padding=\u00bb0&#8243; top_padding=\u00bb0&#8243; bottom_padding=\u00bb0&#8243; back_color=\u00bbcolor-xsdn\u00bb overlay_alpha=\u00bb50&#8243; equal_height=\u00bbyes\u00bb gutter_size=\u00bb0&#8243; column_width_percent=\u00bb100&#8243; shift_y=\u00bb0&#8243; z_index=\u00bb0&#8243; uncode_shortcode_id=\u00bb515214&#8243; back_color_type=\u00bbuncode-palette\u00bb][vc_column column_width_percent=\u00bb100&#8243; position_horizontal=\u00bbright\u00bb position_vertical=\u00bbbottom\u00bb align_horizontal=\u00bbalign_right\u00bb [&hellip;]<\/p>\n","protected":false},"author":7,"featured_media":0,"parent":0,"menu_order":0,"comment_status":"closed","ping_status":"closed","template":"","meta":{"footnotes":""},"class_list":["post-111885","page","type-page","status-publish","hentry"],"_links":{"self":[{"href":"https:\/\/metapolitica.com.br\/es\/wp-json\/wp\/v2\/pages\/111885","targetHints":{"allow":["GET"]}}],"collection":[{"href":"https:\/\/metapolitica.com.br\/es\/wp-json\/wp\/v2\/pages"}],"about":[{"href":"https:\/\/metapolitica.com.br\/es\/wp-json\/wp\/v2\/types\/page"}],"author":[{"embeddable":true,"href":"https:\/\/metapolitica.com.br\/es\/wp-json\/wp\/v2\/users\/7"}],"replies":[{"embeddable":true,"href":"https:\/\/metapolitica.com.br\/es\/wp-json\/wp\/v2\/comments?post=111885"}],"version-history":[{"count":2,"href":"https:\/\/metapolitica.com.br\/es\/wp-json\/wp\/v2\/pages\/111885\/revisions"}],"predecessor-version":[{"id":111887,"href":"https:\/\/metapolitica.com.br\/es\/wp-json\/wp\/v2\/pages\/111885\/revisions\/111887"}],"wp:attachment":[{"href":"https:\/\/metapolitica.com.br\/es\/wp-json\/wp\/v2\/media?parent=111885"}],"curies":[{"name":"wp","href":"https:\/\/api.w.org\/{rel}","templated":true}]}}